{"id":68,"date":"2021-02-09T13:29:00","date_gmt":"2021-02-09T11:29:00","guid":{"rendered":"https:\/\/himoschalet.fi\/?page_id=68"},"modified":"2026-01-08T08:58:19","modified_gmt":"2026-01-08T06:58:19","slug":"chalet","status":"publish","type":"page","link":"https:\/\/himoschalet.fi\/","title":{"rendered":"Huvila Chalet"},"content":{"rendered":"\n<p>Himosl\u00e4hteen m\u00f6kkialueella sijaitseva yksitt\u00e4inen vuokrahuvila tarjoaa viihtyis\u00e4\u00e4 ja laadukasta majoitusta ymp\u00e4ri vuoden. Talvella L\u00e4nsi-Himoksen laskettelurinteet ja Himoksen hiihtoladut ovat k\u00e4velymatkan et\u00e4isyydell\u00e4. Kes\u00e4ll\u00e4 voi nauttia Himosvuoren kauniista luonnosta patikoiden ja maastopy\u00f6r\u00e4illen. Huvila Chalet sijaitsee rauhallisella alueella, josta on kuitenkin Himoksen lomapalveluihin ja lukuisiin ravintoloihin sek\u00e4 golf-kentille lyhyt matka. Vuokram\u00f6kki toimii mainiona tukikohtana my\u00f6s kes\u00e4n festareille ja Himos areenan tapahtumille. <\/p>\n\n\n\n<p>Huvilassa on 85 neli\u00f6t\u00e4 ja lis\u00e4ksi k\u00e4ytt\u00f6parvi n. 10 neli\u00f6t\u00e4 sek\u00e4 katettuja terasseja n. 35 neli\u00f6t\u00e4. Huvilasta l\u00f6ytyy nukkumatilat 10 hengelle (6+4). Olohuone ja keitti\u00f6 ovat yhten\u00e4ist\u00e4 tilaa ja siell\u00e4 on takka tunnelmaa luomassa. Keitti\u00f6st\u00e4 l\u00f6ytyy jatkettava ruokap\u00f6yt\u00e4. Huvilassa on kolme makuuhuonetta, joista kahdessa on kaksi erillist\u00e4 vuodetta ja yhdess\u00e4 parivuode. Yl\u00e4kerran matalassa parvitilassa on nelj\u00e4 patjaa sek\u00e4 televisio Play Stationin pelaamista ja DVD-elokuvien katselua varten. Huvilassa on s\u00e4hk\u00f6sauna ja kylpytiloissa on kaksi suihkua. Huvilassa on kaksi erillist\u00e4 wc:t\u00e4. Saunatiloista p\u00e4\u00e4see suoraan ulos vilvoittelemaan sivuterassille. Etuterassilta l\u00f6ytyy ruokap\u00f6yt\u00e4 6 hengelle sek\u00e4 s\u00e4hk\u00f6grilli. Kuuden hengen ulkoporeallas on mahdollista saada k\u00e4ytt\u00f6\u00f6n lis\u00e4maksusta.<\/p>\n\n\n\n<p><strong>Keitti\u00f6n varusteisiin sis\u00e4ltyy<\/strong>: j\u00e4\u00e4kaappi-pakastin, kiertoilmauuni, keraaminen liesitaso, astianpesukone, integroitu mikroaaltouuni, kahvinkeitin, vedenkeitin, leiv\u00e4npaahdin sek\u00e4 keitti\u00f6v\u00e4lineet ja astiasto 10 hengelle. <\/p>\n\n\n\n<p><strong>Muu varustus:<\/strong> tyynyt ja peitot, siivousv\u00e4lineet, vaatteiden kuivauskaappi, 3 x TV, Chromecast, JBL-bilekaiutin ja 2 langatonta mikrofonia, Party Cooler 50l juomaj\u00e4\u00e4hdytin, PlayStation4, internet-yhteys (valokuitu 100\/100), et\u00e4ty\u00f6piste ulkoisella n\u00e4yt\u00f6ll\u00e4 (vga-johto, hdmi-johto, displayport liit\u00e4nt\u00e4), Weber-s\u00e4hk\u00f6grilli (k\u00e4yt\u00f6ss\u00e4 vain kes\u00e4- ja syysaikaan), takka (+polttopuut), sauna, 2 x suihku, 2 x wc, ilmal\u00e4mp\u00f6pumppu, lasten matkas\u00e4nky, turvaportti portaiden alap\u00e4\u00e4ss\u00e4, l\u00e4mmin (lukittu) varasto ulkoiluv\u00e4lineille ja auton l\u00e4mmityspistoketolppa pihassa. S\u00e4hk\u00f6auton latausasema Type2 11kW erillismaksusta.<\/p>\n\n\n\n<p><strong>Huom. <\/strong>Kylpy- ja k\u00e4sipyyhkeet, keitti\u00f6pyyhkeet ja -r\u00e4tit sek\u00e4 lakanat pit\u00e4\u00e4 vuokralaisen tuoda itse mukanaan. Tarvittaessa liinavaatteet voi vuokrata Himos Centerist\u00e4.<\/p>\n\n\n\n<p>Huvilassa on valmiina aloituspakkaukset wc- ja talouspaperia, leivinpaperia ja astianpesukoneen pesutabletteja sek\u00e4 k\u00e4sitiskiainetta, tiskiharja, k\u00e4sisaippuaa, roskapusseja ja kertak\u00e4ytt\u00f6pefletit saunaan.<\/p>\n\n\n\n<p><strong>HUOMIOITAVAA:<\/strong><\/p>\n\n\n\n<p>Lemmikit ja tupakointi sis\u00e4tiloissa eiv\u00e4t ole sallittuja t\u00e4ss\u00e4 huvilassa.<br>Majoitushinta ei sis\u00e4ll\u00e4 liinavaatteita (lakanoita ja pyyhkeit\u00e4).<br>L\u00e4ht\u00f6siivousmaksu sis\u00e4ltyy hintaan (l\u00e4ht\u00f6siivous pakollinen).<\/p>\n\n\n\n<p>Kohteeseen on asennettu tallentava turvakamera kuvaamaan sis\u00e4\u00e4nk\u00e4ynti\u00e4 ulkopuolelta. Tallennetta katsotaan vain mik\u00e4li ep\u00e4ill\u00e4\u00e4n rikosta.<\/p>\n\n\n\n<p>Loma-aktiviteetit kuten moottorikelkat, maastopy\u00f6r\u00e4t ja m\u00f6nkij\u00e4t voi vuokrata Himos Centerist\u00e4.<\/p>\n\n\n\n<p>Himoksen vuokraamosta saa vuokralle mm. lasketteluv\u00e4lineit\u00e4, maastohiihtosettej\u00e4 ja lumikenki\u00e4. <\/p>\n\n\n\n<p><\/p>\n\n\n\n<p><strong>ET\u00c4ISYYDET:<\/strong><\/p>\n\n\n\n<p>L\u00e4nsi-Rinteet 0,6 km<br>Pohjois-Rinteet 1,5 km <br>Willi L\u00e4nsi -huvikeskus 1,5 km<br>Himos Center vastaanotto 1,6 km<br>Break Sokos Hotel Himos 1,3 km<br>Himos Ravintolat\/Himos Hotelli 1,8 km<br>Himos Areena 1,8 km<br>Himos Kauppa 1,6 km<br>Golf 1,6 km<\/p>\n","protected":false},"excerpt":{"rendered":"<p>Himosl\u00e4hteen m\u00f6kkialueella sijaitseva yksitt\u00e4inen vuokrahuvila tarjoaa viihtyis\u00e4\u00e4 ja laadukasta majoitusta ymp\u00e4ri vuoden. Talvella L\u00e4nsi-Himoksen laskettelurinteet ja Himoksen hiihtoladut ovat k\u00e4velymatkan et\u00e4isyydell\u00e4. Kes\u00e4ll\u00e4 voi nauttia Himosvuoren kauniista luonnosta patikoiden ja maastopy\u00f6r\u00e4illen. Huvila Chalet sijaitsee rauhallisella alueella, josta on kuitenkin Himoksen lomapalveluihin ja lukuisiin ravintoloihin sek\u00e4 golf-kentille lyhyt matka. Vuokram\u00f6kki toimii mainiona tukikohtana my\u00f6s kes\u00e4n festareille ja &#8230; <a title=\"Huvila Chalet\" class=\"read-more\" href=\"https:\/\/himoschalet.fi\/\" aria-label=\"Lue lis\u00e4\u00e4 aiheesta Huvila Chalet\">Lue lis\u00e4\u00e4<\/a><\/p>\n","protected":false},"author":1,"featured_media":0,"parent":0,"menu_order":0,"comment_status":"closed","ping_status":"closed","template":"","meta":{"_monsterinsights_skip_tracking":false,"_monsterinsights_sitenote_active":false,"_monsterinsights_sitenote_note":"","_monsterinsights_sitenote_category":0,"_glsr_average":0,"_glsr_ranking":0,"_glsr_reviews":0,"two_page_speed":[],"footnotes":""},"class_list":["post-68","page","type-page","status-publish"],"aioseo_notices":[],"_links":{"self":[{"href":"https:\/\/himoschalet.fi\/index.php?rest_route=\/wp\/v2\/pages\/68","targetHints":{"allow":["GET"]}}],"collection":[{"href":"https:\/\/himoschalet.fi\/index.php?rest_route=\/wp\/v2\/pages"}],"about":[{"href":"https:\/\/himoschalet.fi\/index.php?rest_route=\/wp\/v2\/types\/page"}],"author":[{"embeddable":true,"href":"https:\/\/himoschalet.fi\/index.php?rest_route=\/wp\/v2\/users\/1"}],"replies":[{"embeddable":true,"href":"https:\/\/himoschalet.fi\/index.php?rest_route=%2Fwp%2Fv2%2Fcomments&post=68"}],"version-history":[{"count":24,"href":"https:\/\/himoschalet.fi\/index.php?rest_route=\/wp\/v2\/pages\/68\/revisions"}],"predecessor-version":[{"id":916,"href":"https:\/\/himoschalet.fi\/index.php?rest_route=\/wp\/v2\/pages\/68\/revisions\/916"}],"wp:attachment":[{"href":"https:\/\/himoschalet.fi\/index.php?rest_route=%2Fwp%2Fv2%2Fmedia&parent=68"}],"curies":[{"name":"wp","href":"https:\/\/api.w.org\/{rel}","templated":true}]}}