{"id":93,"date":"2021-02-10T18:14:23","date_gmt":"2021-02-10T16:14:23","guid":{"rendered":"https:\/\/himoschalet.fi\/?page_id=93"},"modified":"2021-02-10T18:14:24","modified_gmt":"2021-02-10T16:14:24","slug":"arvioi-huvila-chalet","status":"publish","type":"page","link":"https:\/\/himoschalet.fi\/?page_id=93","title":{"rendered":"Arvioi huvila Chalet"},"content":{"rendered":"<div class=\"shortcode-site-reviews-form\"><div class=\"glsr glsr-default\" id=\"glsr_8oiackax\" data-from=\"shortcode\" data-shortcode=\"site_reviews_form\" data-assigned_posts=\"93\"><div class=\"glsr-form-wrap\">\n    <form class=\"glsr-form glsr-review-form\" method=\"post\" enctype=\"multipart\/form-data\">\n        <input type=\"hidden\" name=\"site-reviews[_action]\" value=\"submit-review\" \/>\n<input type=\"hidden\" name=\"site-reviews[_nonce]\" value=\"157aa1c2b5\" \/>\n<input type=\"hidden\" name=\"site-reviews[_post_id]\" value=\"93\" \/>\n<input type=\"hidden\" name=\"site-reviews[_referer]\" value=\"\" \/>\n<input type=\"hidden\" name=\"site-reviews[assigned_posts]\" value=\"93\" \/>\n<input type=\"hidden\" name=\"site-reviews[assigned_terms]\" value=\"\" \/>\n<input type=\"hidden\" name=\"site-reviews[assigned_users]\" value=\"\" \/>\n<input type=\"hidden\" name=\"site-reviews[excluded]\" value=\"\" \/>\n<input type=\"hidden\" name=\"site-reviews[form_id]\" value=\"glsr_8oiackax\" \/>\n<input type=\"hidden\" name=\"site-reviews[form_signature]\" value=\"zDsa-lgsNz9IFhIsostBluB5n1xpmN0PFfv-b0scrbB2dHg5qfN-F9LIdPvD7Og1jbkWF6DRqnfgG4heGLxKxbi_d7NE9rcBJk2RlCkZ9Nvf_LXXXa4ieg7juOJYQN0osE6HW2ITDQt-zdP3-Ce2wkABVNzBqecutER0Em1-28FbFQ5vuwrp_B4BqUKLqSuKlMjxglv6DYxSyvSumSgFIodPk1Iai1bySnlcKFe4qrdgUNb0HKZlv5dICdh7SqgrxE9N8B1vYD28dpw3wcx9iwZOSsu1erMvKPUOC_I5ndOrrzDFhnb2AI4U99bMyhL83SCToW7iRUEq0IRrv5LFGLYtNTQWDlXAw6FLOA8YjjcS7yYKOXL_zycg1jtrEhqerlBnugZu8_pWT8btU3GmnyzmrVmiCn9UP0plPMNBcdu3E0pqYdlajjEcQwQ\" \/>\n<input type=\"hidden\" name=\"site-reviews[terms_exist]\" value=\"1\" \/>\n<div class=\"glsr-field\" style=\"display:none;\"><label for=\"site-reviews-3e3a8b68-glsr_8oiackax\">Sinun arviosi huvilasta Chalet<\/label><input type=\"text\" class=\"glsr-input glsr-input-text\" id=\"site-reviews-3e3a8b68-glsr_8oiackax\" name=\"site-reviews[3e3a8b68]\" value=\"\" \/><\/div>\n<div class=\"glsr-field glsr-field-rating glsr-required\" data-field=\"rating\" data-type=\"rating\">\n    <label class=\"glsr-label\" for=\"glsr_8oiackax-rating\">\n    <span>Kokonaisarviosi huvilasta Chalet<\/span>\n<\/label>\n    <select class=\"browser-default disable-select glsr-select no-wrap no_wrap\" id=\"glsr_8oiackax-rating\" name=\"site-reviews[rating]\" required><option value=\"\">Select a Rating<\/option><option value=\"5\">5 Stars<\/option><option value=\"4\">4 Stars<\/option><option value=\"3\">3 Stars<\/option><option value=\"2\">2 Stars<\/option><option value=\"1\">1 Star<\/option><\/select>\n    <div class=\"glsr-field-error\"><\/div>\n<\/div>\n<div class=\"glsr-field glsr-field-text glsr-required\" data-field=\"title\" data-type=\"text\">\n    <label class=\"glsr-label\" for=\"glsr_8oiackax-title\">\n    <span>Arvostelun otsikko<\/span>\n<\/label>\n    <input type=\"text\" class=\"glsr-input glsr-input-text\" id=\"glsr_8oiackax-title\" name=\"site-reviews[title]\" required placeholder=\"Kirjoita t\u00e4h\u00e4n arvostelusi otsikko\" value=\"\" \/>\n    <div class=\"glsr-field-error\"><\/div>\n<\/div>\n<div class=\"glsr-field glsr-field-textarea glsr-required\" data-field=\"content\" data-type=\"textarea\">\n    <label class=\"glsr-label\" for=\"glsr_8oiackax-content\">\n    <span>Sinun arviosi huvilasta Chalet<\/span>\n<\/label>\n    <textarea class=\"glsr-textarea\" id=\"glsr_8oiackax-content\" name=\"site-reviews[content]\" required placeholder=\"Kirjoita t\u00e4h\u00e4n mielipiteesi\" rows=\"5\"><\/textarea>\n    <div class=\"glsr-field-error\"><\/div>\n<\/div>\n<div class=\"glsr-field glsr-field-text glsr-required\" data-field=\"name\" data-type=\"text\">\n    <label class=\"glsr-label\" for=\"glsr_8oiackax-name\">\n    <span>Nimi<\/span>\n<\/label>\n    <input type=\"text\" class=\"glsr-input glsr-input-text\" id=\"glsr_8oiackax-name\" name=\"site-reviews[name]\" required placeholder=\"Kirjoita t\u00e4h\u00e4n nimesi (julkaistaan sivullamme)\" value=\"\" \/>\n    <div class=\"glsr-field-error\"><\/div>\n<\/div>\n<div class=\"glsr-field glsr-field-email\" data-field=\"email\" data-type=\"email\">\n    <label class=\"glsr-label\" for=\"glsr_8oiackax-email\">\n    <span>S\u00e4hk\u00f6posti<\/span>\n<\/label>\n    <input type=\"email\" class=\"glsr-input glsr-input-email\" id=\"glsr_8oiackax-email\" name=\"site-reviews[email]\" placeholder=\"Kirjoita t\u00e4h\u00e4n s\u00e4hk\u00f6postiosoitteesi (ei julkaista)\" value=\"\" \/>\n    <div class=\"glsr-field-error\"><\/div>\n<\/div>\n<div class=\"glsr-field glsr-field-choice glsr-required\" data-field=\"terms\" data-type=\"toggle\">\n    \n    <div class=\"glsr-field-subgroup\">\n        <span class=\"glsr-field-toggle\">\n    <span>\n        <span class=\"glsr-toggle\"><input type=\"checkbox\" class=\"glsr-input-toggle\" id=\"glsr_8oiackax-terms-1\" name=\"site-reviews[terms]\" required value=\"1\" \/><span class=\"glsr-toggle-track\"><\/span><\/span>\n    <\/span>\n    <label for=\"glsr_8oiackax-terms-1\">T\u00e4m\u00e4 arvostelu perustuu omaan kokemukseeni ja on aito mielipiteeni<\/label>\n<\/span>\n    <\/div>\n    <div class=\"glsr-field-error\"><\/div>\n<\/div>\n        <div class=\"glsr-form-message\">\n    \n<\/div>\n        <div data-field=\"submit-button\">\n    <div class=\"wp-block-buttons is-layout-flex\">\n        <div class=\"wp-block-button\">\n            <button type=\"submit\" class=\"glsr-button wp-block-button__link wp-element-button\" aria-busy=\"false\" data-loading=\"Submitting, please wait...\">Submit Review<\/button>\n        <\/div>\n    <\/div>\n<\/div>\n    <\/form>\n<\/div><\/div><\/div>\n","protected":false},"excerpt":{"rendered":"","protected":false},"author":1,"featured_media":0,"parent":0,"menu_order":0,"comment_status":"closed","ping_status":"closed","template":"","meta":{"_monsterinsights_skip_tracking":false,"_monsterinsights_sitenote_active":false,"_monsterinsights_sitenote_note":"","_monsterinsights_sitenote_category":0,"_glsr_average":4.2,"_glsr_ranking":3.7333333333333,"_glsr_reviews":5,"two_page_speed":[],"footnotes":""},"class_list":["post-93","page","type-page","status-publish"],"aioseo_notices":[],"_links":{"self":[{"href":"https:\/\/himoschalet.fi\/index.php?rest_route=\/wp\/v2\/pages\/93","targetHints":{"allow":["GET"]}}],"collection":[{"href":"https:\/\/himoschalet.fi\/index.php?rest_route=\/wp\/v2\/pages"}],"about":[{"href":"https:\/\/himoschalet.fi\/index.php?rest_route=\/wp\/v2\/types\/page"}],"author":[{"embeddable":true,"href":"https:\/\/himoschalet.fi\/index.php?rest_route=\/wp\/v2\/users\/1"}],"replies":[{"embeddable":true,"href":"https:\/\/himoschalet.fi\/index.php?rest_route=%2Fwp%2Fv2%2Fcomments&post=93"}],"version-history":[{"count":2,"href":"https:\/\/himoschalet.fi\/index.php?rest_route=\/wp\/v2\/pages\/93\/revisions"}],"predecessor-version":[{"id":95,"href":"https:\/\/himoschalet.fi\/index.php?rest_route=\/wp\/v2\/pages\/93\/revisions\/95"}],"wp:attachment":[{"href":"https:\/\/himoschalet.fi\/index.php?rest_route=%2Fwp%2Fv2%2Fmedia&parent=93"}],"curies":[{"name":"wp","href":"https:\/\/api.w.org\/{rel}","templated":true}]}}